{"id":923,"date":"2023-08-29T06:34:23","date_gmt":"2023-08-29T06:34:23","guid":{"rendered":"https:\/\/www.bcnreclam.com\/declaracion-de-accesibilidad\/"},"modified":"2023-08-29T06:50:05","modified_gmt":"2023-08-29T06:50:05","slug":"declaracio-daccesibilitat","status":"publish","type":"page","link":"https:\/\/www.bcnreclam.com\/ca\/declaracio-daccesibilitat\/","title":{"rendered":"Declaraci\u00f3 d&#8217;accesibilitat"},"content":{"rendered":"\n<p><strong>1. Declaraci\u00f3 d\u2019accessibilitat<\/strong><\/p>\n\n\n\n<p>BCNreclam.comp s\u2019ha comprom\u00e8s a fer accessible el vostre lloc web, de conformitat amb la legislaci\u00f3 nacional per la qual es trasllada la Directiva (UE) 2016\/2102 del Parlament Europeu i del Consell.<\/p>\n\n\n\n<p>Aquesta declaraci\u00f3 d\u2019accessibilitat s\u2019aplica a <a href=\"https:\/\/www.bcnreclam.com\/ca\/\">https:\/\/www.bcnreclam.com\/<\/a><\/p>\n\n\n\n<p><strong>2. Situaci\u00f3 de compliment<\/strong><\/p>\n\n\n\n<p>Aquest lloc web \u00e9s parcialment conforme amb RD 1112\/2018 a causa de les excepcions i la manca de conformitat dels aspectes que s\u2019indiquen a continuaci\u00f3.<\/p>\n\n\n\n<p><strong>3. Contingut no accessible<\/strong><\/p>\n\n\n\n<p>El contingut que es recull a continuaci\u00f3 no \u00e9s accessible pel seg\u00fcent:<\/p>\n\n\n\n<p><strong>3.1.- manca de conformitat<\/strong><\/p>\n\n\n\n<ol class=\"wp-block-list\" type=\"1\" start=\"1\">\n<li>Hi ha camps de formularis sense label<\/li>\n\n\n\n<li>Hi ha botons buits<\/li>\n\n\n\n<li>Hi ha contingut textual sense un contrast suficient<\/li>\n<\/ol>\n\n\n\n<p><strong>4. Preparaci\u00f3 d\u2019aquesta declaraci\u00f3 d\u2019accessibilitat<\/strong><\/p>\n\n\n\n<p>La present declaraci\u00f3 va ser preparada el 01 de Febrer de 2023<\/p>\n\n\n\n<p>El m\u00e8tode emprat per a aquesta declaraci\u00f3 ha estat una autoavaluaci\u00f3.<\/p>\n\n\n\n<p>\u00daltima revisi\u00f3 de la declaraci\u00f3: 1 de febrer 2023.<\/p>\n\n\n\n<p><strong>5. Observacions i dades de contacte<\/strong><\/p>\n\n\n\n<p>Direcci\u00f3: Passatge de L\u2019Empord\u00e0, 5 local 1&nbsp;<br>08830&nbsp;Sant Boi del Llobregat (Barcelona)<\/p>\n\n\n\n<p>Tel\u00e8fon: <a href=\"tel:93%20661%2075%2014\">936 617 514<\/a><\/p>\n\n\n\n<p>Correu electr\u00f2nic: info@bcnreclam.com<\/p>\n\n\n\n<p><strong>6. Sol\u00b7licituds d\u2019informaci\u00f3 accessible i queixes<\/strong><\/p>\n\n\n\n<p>A trav\u00e9s del correu electr\u00f2nic info@bcnreclam.com&nbsp;pot presentar:<\/p>\n\n\n\n<ul class=\"wp-block-list\">\n<li>una queixa relativa al compliment dels requisits del RD 1112\/2018 o<\/li>\n\n\n\n<li>una Sol\u00b7licitud d\u2019Informaci\u00f3 accessible relativa a:\n<ul class=\"wp-block-list\">\n<li>continguts que estan exclosos de l\u00e0mbit daplicaci\u00f3 del RD 1112\/2018 segons el que estableix larticle 3, apartat 4<\/li>\n\n\n\n<li>continguts que estan exempts del compliment dels requisits d\u2019accessibilitat per imposar una c\u00e0rrega desproporcionada.<\/li>\n<\/ul>\n<\/li>\n<\/ul>\n\n\n\n<p>A la Sol\u00b7licitud d\u2019informaci\u00f3 accessible, cal concretar, amb tota claredat, els fets, les raons i la petici\u00f3 que permetin constatar que es tracta d\u2019una sol\u00b7licitud raonable i leg\u00edtima.<\/p>\n\n\n\n<p><strong>7. Procediment d\u2019aplicaci\u00f3<\/strong><\/p>\n\n\n\n<p>Si una vegada realitzada una sol\u00b7licitud d\u2019informaci\u00f3 accessible o queixa, aquesta hagu\u00e9s estat desestimada, no s\u2019estigu\u00e9s d\u2019acord amb la decisi\u00f3 adoptada, o la resposta no compl\u00eds els requisits que preveu l\u2019article 12.5 del RD 1112\/2018, la persona interessada podr\u00e0 iniciar una reclamaci\u00f3. Igualment es podr\u00e0 iniciar una reclamaci\u00f3 en cas de no haver obtingut resposta.<\/p>\n\n\n\n<p>El procediment reclamaci\u00f3 recollit a l\u2019article 13 del RD 1112\/2018, es pot iniciar a trav\u00e9s del correu electr\u00f2nic <strong>info@bcnreclam.com<\/strong><\/p>\n","protected":false},"excerpt":{"rendered":"<p>1. Declaraci\u00f3 d\u2019accessibilitat BCNreclam.comp s\u2019ha comprom\u00e8s a fer accessible el vostre lloc web, de conformitat amb la legislaci\u00f3 nacional per la qual es trasllada la Directiva (UE) 2016\/2102 del Parlament Europeu i del Consell. Aquesta declaraci\u00f3 d\u2019accessibilitat s\u2019aplica a https:\/\/www.bcnreclam.com\/ 2. Situaci\u00f3 de compliment Aquest lloc web \u00e9s parcialment conforme amb RD 1112\/2018 a causa [&hellip;]<\/p>\n","protected":false},"author":1,"featured_media":0,"parent":0,"menu_order":0,"comment_status":"closed","ping_status":"closed","template":"","meta":{"footnotes":""},"class_list":["post-923","page","type-page","status-publish","hentry"],"yoast_head":"<!-- This site is optimized with the Yoast SEO plugin v20.7 - https:\/\/yoast.com\/wordpress\/plugins\/seo\/ -->\n<title>Declaraci\u00f3 d&#039;accesibilitat - BCN RECLAM<\/title>\n<meta name=\"robots\" content=\"index, follow, max-snippet:-1, max-image-preview:large, max-video-preview:-1\" \/>\n<link rel=\"canonical\" href=\"https:\/\/www.bcnreclam.com\/ca\/declaracio-daccesibilitat\/\" \/>\n<meta property=\"og:locale\" content=\"ca_ES\" \/>\n<meta property=\"og:type\" content=\"article\" \/>\n<meta property=\"og:title\" content=\"Declaraci\u00f3 d&#039;accesibilitat - BCN RECLAM\" \/>\n<meta property=\"og:description\" content=\"1. Declaraci\u00f3 d\u2019accessibilitat BCNreclam.comp s\u2019ha comprom\u00e8s a fer accessible el vostre lloc web, de conformitat amb la legislaci\u00f3 nacional per la qual es trasllada la Directiva (UE) 2016\/2102 del Parlament Europeu i del Consell. Aquesta declaraci\u00f3 d\u2019accessibilitat s\u2019aplica a https:\/\/www.bcnreclam.com\/ 2. Situaci\u00f3 de compliment Aquest lloc web \u00e9s parcialment conforme amb RD 1112\/2018 a causa [&hellip;]\" \/>\n<meta property=\"og:url\" content=\"https:\/\/www.bcnreclam.com\/ca\/declaracio-daccesibilitat\/\" \/>\n<meta property=\"og:site_name\" content=\"BCN RECLAM\" \/>\n<meta property=\"article:modified_time\" content=\"2023-08-29T06:50:05+00:00\" \/>\n<meta name=\"twitter:card\" content=\"summary_large_image\" \/>\n<meta name=\"twitter:label1\" content=\"Temps estimat de lectura\" \/>\n\t<meta name=\"twitter:data1\" content=\"2 minuts\" \/>\n<script type=\"application\/ld+json\" class=\"yoast-schema-graph\">{\"@context\":\"https:\/\/schema.org\",\"@graph\":[{\"@type\":\"WebPage\",\"@id\":\"https:\/\/www.bcnreclam.com\/ca\/declaracio-daccesibilitat\/\",\"url\":\"https:\/\/www.bcnreclam.com\/ca\/declaracio-daccesibilitat\/\",\"name\":\"Declaraci\u00f3 d'accesibilitat - BCN RECLAM\",\"isPartOf\":{\"@id\":\"https:\/\/www.bcnreclam.com\/#website\"},\"datePublished\":\"2023-08-29T06:34:23+00:00\",\"dateModified\":\"2023-08-29T06:50:05+00:00\",\"breadcrumb\":{\"@id\":\"https:\/\/www.bcnreclam.com\/ca\/declaracio-daccesibilitat\/#breadcrumb\"},\"inLanguage\":\"ca\",\"potentialAction\":[{\"@type\":\"ReadAction\",\"target\":[\"https:\/\/www.bcnreclam.com\/ca\/declaracio-daccesibilitat\/\"]}]},{\"@type\":\"BreadcrumbList\",\"@id\":\"https:\/\/www.bcnreclam.com\/ca\/declaracio-daccesibilitat\/#breadcrumb\",\"itemListElement\":[{\"@type\":\"ListItem\",\"position\":1,\"name\":\"Portada\",\"item\":\"https:\/\/www.bcnreclam.com\/ca\/\"},{\"@type\":\"ListItem\",\"position\":2,\"name\":\"Declaraci\u00f3 d&#8217;accesibilitat\"}]},{\"@type\":\"WebSite\",\"@id\":\"https:\/\/www.bcnreclam.com\/#website\",\"url\":\"https:\/\/www.bcnreclam.com\/\",\"name\":\"BCN RECLAM\",\"description\":\"\",\"publisher\":{\"@id\":\"https:\/\/www.bcnreclam.com\/#organization\"},\"potentialAction\":[{\"@type\":\"SearchAction\",\"target\":{\"@type\":\"EntryPoint\",\"urlTemplate\":\"https:\/\/www.bcnreclam.com\/?s={search_term_string}\"},\"query-input\":\"required name=search_term_string\"}],\"inLanguage\":\"ca\"},{\"@type\":\"Organization\",\"@id\":\"https:\/\/www.bcnreclam.com\/#organization\",\"name\":\"BCN RECLAM\",\"url\":\"https:\/\/www.bcnreclam.com\/\",\"logo\":{\"@type\":\"ImageObject\",\"inLanguage\":\"ca\",\"@id\":\"https:\/\/www.bcnreclam.com\/#\/schema\/logo\/image\/\",\"url\":\"https:\/\/www.bcnreclam.com\/wp-content\/uploads\/2023\/03\/logo-bcnreclam.png\",\"contentUrl\":\"https:\/\/www.bcnreclam.com\/wp-content\/uploads\/2023\/03\/logo-bcnreclam.png\",\"width\":210,\"height\":210,\"caption\":\"BCN RECLAM\"},\"image\":{\"@id\":\"https:\/\/www.bcnreclam.com\/#\/schema\/logo\/image\/\"}}]}<\/script>\n<!-- \/ Yoast SEO plugin. -->","yoast_head_json":{"title":"Declaraci\u00f3 d'accesibilitat - BCN RECLAM","robots":{"index":"index","follow":"follow","max-snippet":"max-snippet:-1","max-image-preview":"max-image-preview:large","max-video-preview":"max-video-preview:-1"},"canonical":"https:\/\/www.bcnreclam.com\/ca\/declaracio-daccesibilitat\/","og_locale":"ca_ES","og_type":"article","og_title":"Declaraci\u00f3 d'accesibilitat - BCN RECLAM","og_description":"1. Declaraci\u00f3 d\u2019accessibilitat BCNreclam.comp s\u2019ha comprom\u00e8s a fer accessible el vostre lloc web, de conformitat amb la legislaci\u00f3 nacional per la qual es trasllada la Directiva (UE) 2016\/2102 del Parlament Europeu i del Consell. Aquesta declaraci\u00f3 d\u2019accessibilitat s\u2019aplica a https:\/\/www.bcnreclam.com\/ 2. Situaci\u00f3 de compliment Aquest lloc web \u00e9s parcialment conforme amb RD 1112\/2018 a causa [&hellip;]","og_url":"https:\/\/www.bcnreclam.com\/ca\/declaracio-daccesibilitat\/","og_site_name":"BCN RECLAM","article_modified_time":"2023-08-29T06:50:05+00:00","twitter_card":"summary_large_image","twitter_misc":{"Temps estimat de lectura":"2 minuts"},"schema":{"@context":"https:\/\/schema.org","@graph":[{"@type":"WebPage","@id":"https:\/\/www.bcnreclam.com\/ca\/declaracio-daccesibilitat\/","url":"https:\/\/www.bcnreclam.com\/ca\/declaracio-daccesibilitat\/","name":"Declaraci\u00f3 d'accesibilitat - BCN RECLAM","isPartOf":{"@id":"https:\/\/www.bcnreclam.com\/#website"},"datePublished":"2023-08-29T06:34:23+00:00","dateModified":"2023-08-29T06:50:05+00:00","breadcrumb":{"@id":"https:\/\/www.bcnreclam.com\/ca\/declaracio-daccesibilitat\/#breadcrumb"},"inLanguage":"ca","potentialAction":[{"@type":"ReadAction","target":["https:\/\/www.bcnreclam.com\/ca\/declaracio-daccesibilitat\/"]}]},{"@type":"BreadcrumbList","@id":"https:\/\/www.bcnreclam.com\/ca\/declaracio-daccesibilitat\/#breadcrumb","itemListElement":[{"@type":"ListItem","position":1,"name":"Portada","item":"https:\/\/www.bcnreclam.com\/ca\/"},{"@type":"ListItem","position":2,"name":"Declaraci\u00f3 d&#8217;accesibilitat"}]},{"@type":"WebSite","@id":"https:\/\/www.bcnreclam.com\/#website","url":"https:\/\/www.bcnreclam.com\/","name":"BCN RECLAM","description":"","publisher":{"@id":"https:\/\/www.bcnreclam.com\/#organization"},"potentialAction":[{"@type":"SearchAction","target":{"@type":"EntryPoint","urlTemplate":"https:\/\/www.bcnreclam.com\/?s={search_term_string}"},"query-input":"required name=search_term_string"}],"inLanguage":"ca"},{"@type":"Organization","@id":"https:\/\/www.bcnreclam.com\/#organization","name":"BCN RECLAM","url":"https:\/\/www.bcnreclam.com\/","logo":{"@type":"ImageObject","inLanguage":"ca","@id":"https:\/\/www.bcnreclam.com\/#\/schema\/logo\/image\/","url":"https:\/\/www.bcnreclam.com\/wp-content\/uploads\/2023\/03\/logo-bcnreclam.png","contentUrl":"https:\/\/www.bcnreclam.com\/wp-content\/uploads\/2023\/03\/logo-bcnreclam.png","width":210,"height":210,"caption":"BCN RECLAM"},"image":{"@id":"https:\/\/www.bcnreclam.com\/#\/schema\/logo\/image\/"}}]}},"_links":{"self":[{"href":"https:\/\/www.bcnreclam.com\/ca\/wp-json\/wp\/v2\/pages\/923","targetHints":{"allow":["GET"]}}],"collection":[{"href":"https:\/\/www.bcnreclam.com\/ca\/wp-json\/wp\/v2\/pages"}],"about":[{"href":"https:\/\/www.bcnreclam.com\/ca\/wp-json\/wp\/v2\/types\/page"}],"author":[{"embeddable":true,"href":"https:\/\/www.bcnreclam.com\/ca\/wp-json\/wp\/v2\/users\/1"}],"replies":[{"embeddable":true,"href":"https:\/\/www.bcnreclam.com\/ca\/wp-json\/wp\/v2\/comments?post=923"}],"version-history":[{"count":3,"href":"https:\/\/www.bcnreclam.com\/ca\/wp-json\/wp\/v2\/pages\/923\/revisions"}],"predecessor-version":[{"id":934,"href":"https:\/\/www.bcnreclam.com\/ca\/wp-json\/wp\/v2\/pages\/923\/revisions\/934"}],"wp:attachment":[{"href":"https:\/\/www.bcnreclam.com\/ca\/wp-json\/wp\/v2\/media?parent=923"}],"curies":[{"name":"wp","href":"https:\/\/api.w.org\/{rel}","templated":true}]}}