{"id":640,"date":"2023-03-07T16:13:47","date_gmt":"2023-03-07T16:13:47","guid":{"rendered":"https:\/\/www.bcnreclam.com\/\/politica-de-privacidad-aviso-legal\/"},"modified":"2026-01-28T09:46:17","modified_gmt":"2026-01-28T09:46:17","slug":"politica-de-privacidad-aviso-legal","status":"publish","type":"page","link":"https:\/\/www.bcnreclam.com\/ca\/politica-de-privacidad-aviso-legal\/","title":{"rendered":"Pol\u00edtica de privacidad &#8211; Aviso legal"},"content":{"rendered":"\n<h3 class=\"wp-block-heading\">Aviso legal<\/h3>\n\n<p>\u201cEl presente Aviso Legal establece la informaci\u00f3n general que los prestadores de servicios a trav\u00e9s de la Sociedad de la Informaci\u00f3n vienen obligados a poner a disposici\u00f3n de los consumidores y usuarios por imperativo del Art.10 de la Ley 34\/2002-2017, de 11 de julio, de Servicios de la Sociedad de la Informaci\u00f3n y de Comercio Electr\u00f3nico. En consecuencia, se informa de los siguientes extremos:<\/p>\n\n<p>1. Jordi Diaz Garrido con NIF 43503150F y nombre comercial BCN RECLAM, es propietario del dominio de Internet <a href=\"http:\/\/bcnreclam.com\/www.bcnreclam.com\">\u201cwww.bcnreclam.com\u201d<\/a>. La direcci\u00f3n general de correo electr\u00f3nico es <a href=\"mailto:info@bcnreclam.com\">info@bcnreclam.com <\/a>i amb direcci\u00f3:<strong data-start=\"426\" data-end=\"505\">Passatge de L\u2019Empord\u00e0, 5, local 1, 08830 Sant Boi del Llobregat (Barcelona)<\/strong>.&#13;\n&#13;\n\u00a0<\/p>\n\n<p>2. Las normas profesionales aplicables a los servicios prestados por BCN RECLAM, son las reflejadas en la Ley Org\u00e1nica 1\/2002-2017, de 22 de marzo, reguladora del derecho de asociaci\u00f3n y normas concordantes y las que en cada momento le sean aplicables por los estatutos vigentes.<\/p>\n\n<p>3. Uso del Sitio Web y aceptaci\u00f3n<\/p>\n\n<p>El acceso al sitio web <a href=\"http:\/\/bcnreclam.com\/www.bcnreclam.com\">www.bcnreclam.com<\/a> atribuye la condici\u00f3n de usuario e implica la aceptaci\u00f3n plena y sin reservas por parte del mismo de todas y cada una de las condiciones contenidas en este Aviso Legal.<\/p>\n\n<p>El contenido del presente Aviso Legal puede sufrir modificaciones, por lo que su aceptaci\u00f3n por parte del usuario ser\u00e1 respecto del Aviso Legal publicado por BCN RECLAM, en el momento en que el usuario acceda al sitio Web. Por lo tanto, cada vez que el usuario acceda al sitio Web, deber\u00e1 leer atentamente el presente Aviso Legal.<\/p>\n\n<p>Asimismo, el acceso al sitio web <a href=\"http:\/\/bcnreclam.com\/www.bcnreclam.com\">www.bcnreclam.com<\/a> se encuentra sometido a todos los avisos, condiciones de uso e instrucciones puestos en conocimiento del usuario por BCN RECLAM que sustituyan, completen y\/o modifiquen el presente Aviso Legal.<\/p>\n\n<h3 class=\"wp-block-heading\">Condiciones de uso del Sitio Web<\/h3>\n\n<p>El usuario se compromete a hacer uso de los servicios, productos y utilidades ofrecidos por BCN RECLAM a trav\u00e9s del Sitio Web <a href=\"http:\/\/bcnreclam.com\/www.bcnreclam.com\">www.bcnreclam.com<\/a> de conformidad con la ley, este Aviso Legal y dem\u00e1s avisos e instrucciones puestos en su conocimiento, as\u00ed como con la moral y las buenas costumbres generalmente aceptadas y el orden p\u00fablico.<\/p>\n\n<p>Con car\u00e1cter general, el acceso a la informaci\u00f3n y utilidades del sitio Web puede o no exigir una previa suscripci\u00f3n o registro de usuario. A estos efectos el usuario garantiza la autenticidad y veracidad de todos aquellos datos personales que comunique al cumplimentar el formulario de suscripci\u00f3n o registro. El usuario se compromete y responsabiliza de mantener toda la informaci\u00f3n facilitada de forma que responda, en cada momento, a su situaci\u00f3n actual. El tratamiento de los datos de car\u00e1cter personal suministrados por el usuario se realizar\u00e1 por BCN RECLAM con sujeci\u00f3n a la Pol\u00edtica de Privacidad contenida en este sitio Web.<\/p>\n\n<h3 class=\"wp-block-heading\">Derechos de propiedad intelectual e industrial<\/h3>\n\n<p>Todas las marcas, nombres comerciales, signos distintivos, servicios, contenidos e informaciones de cualquier clase que aparecen en este sitio Web son propiedad de BCN RECLAM por lo que no podr\u00e1n ser reproducidos, distribuidos, comunicados p\u00fablicamente, transformados o modificados sin la autorizaci\u00f3n expresa de esta Asociaci\u00f3n. Por contenidos de este sitio Web entendemos, sin que esta enumeraci\u00f3n tenga car\u00e1cter limitativo, los textos, fotograf\u00edas, gr\u00e1ficos, im\u00e1genes, software, links y dem\u00e1s contenidos audiovisuales o sonoros, as\u00ed como su dise\u00f1o gr\u00e1fico y c\u00f3digos fuente.<\/p>\n\n<p>El usuario se abstendr\u00e1 de obtener los contenidos empleando para ello medios o procedimientos distintos de los que, seg\u00fan los casos, se han puesto a su disposici\u00f3n o, en general, de los que se empleen habitualmente en Internet siempre que estos \u00faltimos no entra\u00f1en un riesgo o da\u00f1o o inutilizaci\u00f3n del sitio Web y\/o sus contenidos.<\/p>\n\n<p>Las posibles referencias que se hagan en el sitio Web de BCN RECLAM, a cualquier producto, servicio, proceso, enlace, hipertexto o cualquier otra informaci\u00f3n utilizando la marca, el nombre comercial o el fabricante o suministrador, etc. que sean de titularidad de terceros no constituye o implica respaldo, patrocinio o recomendaci\u00f3n por parte de BCN RECLAM.<\/p>\n\n<h3 class=\"wp-block-heading\">Exclusi\u00f3n de responsabilidades y garant\u00edas<\/h3>\n\n<h3 class=\"wp-block-heading\">Contenidos<\/h3>\n\n<p>Los datos, textos, informaciones, im\u00e1genes o sonidos publicados en el sitio Web <a href=\"http:\/\/bcnreclam.com\/www.bcnreclam.com\">www.bcnreclam.com<\/a> son mostrados con efectos meramente informativos para todas aquellas personas interesadas en los mismos, sin que su acceso genere relaci\u00f3n comercial, contractual o profesional entre los usuarios y BCN RECLAM.<\/p>\n\n<p>En caso de discrepancia entre la informaci\u00f3n contenida en el sitio Web y la contenida en papel, prevalecer\u00e1 esta \u00faltima. Se advierte al usuario que antes de emprender cualquier acci\u00f3n derivada del contenido del sitio web, proceda a verificar la informaci\u00f3n obtenida poni\u00e9ndose en contacto con el departamento de Atenci\u00f3n al Cliente a trav\u00e9s de la direcci\u00f3n de correo electr\u00f3nico <a href=\"mailto:info@bcnreclam.com\">info@bcnreclam.com<\/a>.<\/p>\n\n<h3 class=\"wp-block-heading\">Disponibilidad y continuidad<\/h3>\n\n<p>BCN RECLAM. excluye, con toda la extensi\u00f3n que permite nuestro ordenamiento jur\u00eddico, cualquier responsabilidad por los da\u00f1os y perjuicios de toda naturaleza causados por la falta de disponibilidad o de continuidad del acceso al sitio Web y sus servicios. El acceso a la informaci\u00f3n y servicios que presta este sitio Web tiene, en principio, una duraci\u00f3n indefinida. No obstante, BCN RECLAM podr\u00e1 dar por terminada o suspender el acceso a su sitio Web en cualquier momento.<\/p>\n\n<h3 class=\"wp-block-heading\">Virus y c\u00f3digos maliciosos<\/h3>\n\n<p>BCN RECLAM excluye, con toda la extensi\u00f3n que permite nuestro ordenamiento jur\u00eddico, cualquier responsabilidad por los da\u00f1os y perjuicios de toda naturaleza que puedan deberse a la presencia de virus u otros c\u00f3digos maliciosos en los contenidos que puedan producir cualquier tipo de da\u00f1os en el sistema inform\u00e1tico, documentos electr\u00f3nicos o ficheros de los usuarios.<\/p>\n\n<h3 class=\"wp-block-heading\">Linking<\/h3>\n\n<p>BCN RECLAM excluye, con toda la extensi\u00f3n que permite nuestro ordenamiento jur\u00eddico, cualquier responsabilidad por los da\u00f1os y perjuicios de toda naturaleza causados a los usuarios por el uso de dispositivos t\u00e9cnicos de enlaces (links), directorios y herramientas de b\u00fasqueda, que permiten a los usuarios acceder a sitios Web pertenecientes y\/o gestionados por terceros.<\/p>\n\n<h3 class=\"wp-block-heading\">Uso il\u00edcito<\/h3>\n\n<p>BCN RECLAM no se hace responsable del incumplimiento de cualquier norma aplicable en que pueda incurrir el usuario en su acceso al sitio Web y\/o utilizaci\u00f3n de las informaciones contenidas en la misma. Tampoco se hace responsable del uso ileg\u00edtimo que terceras personas puedan hacer de los nombres comerciales, marcas u otros signos distintivos que, no siendo propiedad de BCN RECLAM aparezcan en el sitio Web.<\/p>\n\n<h3 class=\"wp-block-heading\">Menores de Edad<\/h3>\n\n<p>BCN RECLAM. no pretende ni desea obtener informaci\u00f3n de car\u00e1cter personal directamente de menores de edad; sin embargo, no siempre podemos determinar la edad de las personas que acceden y utilizan nuestros sitios Web. En el supuesto de que un menor (definido de acuerdo con los criterios establecidos en la ley aplicable) nos proporcione sus datos sin el consentimiento de sus padres o tutores, instamos al padre o tutor a que se ponga en contacto con nosotros y nos solicite que se elimine esta informaci\u00f3n y se d\u00e9 de baja la suscripci\u00f3n realizada por el menor de edad respecto a las futuras comunicaciones comerciales de BCN RECLAM.<\/p>\n\n<h3 class=\"wp-block-heading\">Protecci\u00f3n de datos de car\u00e1cter personal<\/h3>\n\n<p>Para contratar cualquiera de los servicios o productos ofrecidos en este sitio Web, adem\u00e1s de por medio de <a href=\"http:\/\/bcnreclam.com\/www.bcnreclam.com\">www.bcnreclam.com<\/a> puede mandar un mail a <a href=\"mailto:info@bcnreclam.com\">info@bcnreclam.com<\/a>. BCN RECLAM garantiza la protecci\u00f3n y confidencialidad de los datos personales, de cualquier tipo que nos proporcionen nuestras empresas clientes de acuerdo con lo dispuesto en la Ley Org\u00e1nica 15\/1999, de 13 de Diciembre de Protecci\u00f3n de Datos de Car\u00e1cter Personal. Todos los datos facilitados por nuestras empresas y clientes a BCN RECLAM o a su personal, ser\u00e1n incluidos en un fichero automatizado de datos de car\u00e1cter personal creado y mantenido bajo la responsabilidad de BCN RECLAM imprescindibles para prestar los servicios solicitados por los usuarios. Los datos facilitados ser\u00e1n tratados seg\u00fan el Reglamento de Medidas de Seguridad (Real Decreto 1720\/2007 de 21 de Diciembre), en este sentido BCN RECLAM ha adoptado los niveles de protecci\u00f3n que legalmente se exigen, y ha instalado todas las medidas t\u00e9cnicas a su alcance para evitar la perdida, mal uso, alteraci\u00f3n, acceso no autorizado por terceros. No obstante, el usuario debe ser consciente de que las medidas de seguridad en Internet no son inexpugnables. En caso en que considere oportuno que se cedan sus datos de car\u00e1cter personal a otras entidades, el usuario ser\u00e1 informado de los datos cedidos, de la finalidad del fichero y del nombre y direcci\u00f3n del cesionario, para que de su consentimiento inequ\u00edvoco al respecto. En cumplimiento de lo establecido en la LOPD, el usuario podr\u00e1 ejercer sus derechos de acceso, rectificaci\u00f3n, cancelaci\u00f3n y oposici\u00f3n. Para ello debe de contactar con nosotros en <a href=\"mailto:info@bcnreclam.com\">info@bcnreclam.com<\/a> . identificativa mencionada anteriormente. Mientras no nos comunique lo contrario, entenderemos que sus datos no han sido modificados, que usted se compromete a notificarnos cualquier variaci\u00f3n y que tenemos el consentimiento para utilizarlos a fin de poder fidelizar la relaci\u00f3n entre las partes.<\/p>\n\n<h3 class=\"wp-block-heading\">Campa\u00f1as publicitarias<\/h3>\n\n<p>BCN RECLAM puede o no mantener activas campa\u00f1as de publicidad para la promoci\u00f3n de sus productos y servicios. Todas las campa\u00f1as que se realizan en entornos online o en otro tipo de entornos remiten a este sitio Web. Las campa\u00f1as publicitarias respetan escrupulosamente la profesi\u00f3n, los compa\u00f1eros que la integran y cumplen con el C\u00f3digo Deontol\u00f3gico del ICAM, el Estatuto General de la Abogac\u00eda Espa\u00f1ola, la Ley de Competencia Desleal y la Ley General de Publicidad.<\/p>\n\n<h3 class=\"wp-block-heading\">Notificaciones<\/h3>\n\n<p>Todas las notificaciones o comunicaciones realizadas por los usuarios a BCN RECLAM. se considerar\u00e1n eficaces, a todos los efectos, cuando se dirijan por alguna de las siguientes formas:_ Mediante env\u00edo postal a la direcci\u00f3n que el usuario haya previamente puesto en conocimiento de BCN RECLAM._ Mediante llamada telef\u00f3nica al n\u00famero que el usuario haya puesto previamente en conocimiento de BCN RECLAM _Mediante env\u00edo de e-mail a la direcci\u00f3n de correo electr\u00f3nico que el usuario haya puesto previamente en conocimiento de BCN RECLAM._ Por lo tanto, para que estas notificaciones puedan llevarse a efecto, es preciso que el usuario manifieste que todos los datos facilitados por \u00e9l son ciertos y actuales, comprometi\u00e9ndose a notificar cualquier modificaci\u00f3n de los mismos.<\/p>\n\n<h3 class=\"wp-block-heading\">Legislaci\u00f3n y jurisdicci\u00f3n<\/h3>\n\n<p>La Legislaci\u00f3n aplicable al presente Aviso Legal ser\u00e1 la legislaci\u00f3n espa\u00f1ola y la jurisdicci\u00f3n competente para conocer de cualesquiera demandas que este sitio Web suscite ser\u00e1 la de los Juzgados y Tribunales de Barcelona.<\/p>\n\n<p><strong>BCN RECLAM<\/strong><\/p>\n","protected":false},"excerpt":{"rendered":"<p>Aviso legal \u201cEl presente Aviso Legal establece la informaci\u00f3n general que los prestadores de servicios a trav\u00e9s de la Sociedad de la Informaci\u00f3n vienen obligados a poner a disposici\u00f3n de los consumidores y usuarios por imperativo del Art.10 de la Ley 34\/2002-2017, de 11 de julio, de Servicios de la Sociedad de la Informaci\u00f3n y [&hellip;]<\/p>\n","protected":false},"author":1,"featured_media":0,"parent":0,"menu_order":0,"comment_status":"closed","ping_status":"open","template":"","meta":{"footnotes":""},"class_list":["post-640","page","type-page","status-publish","hentry"],"yoast_head":"<!-- This site is optimized with the Yoast SEO plugin v20.7 - https:\/\/yoast.com\/wordpress\/plugins\/seo\/ -->\n<title>Pol\u00edtica de privacidad - Aviso legal - BCN RECLAM<\/title>\n<meta name=\"robots\" content=\"index, follow, max-snippet:-1, max-image-preview:large, max-video-preview:-1\" \/>\n<link rel=\"canonical\" href=\"https:\/\/www.bcnreclam.com\/ca\/politica-de-privacidad-aviso-legal\/\" \/>\n<meta property=\"og:locale\" content=\"ca_ES\" \/>\n<meta property=\"og:type\" content=\"article\" \/>\n<meta property=\"og:title\" content=\"Pol\u00edtica de privacidad - Aviso legal - BCN RECLAM\" \/>\n<meta property=\"og:description\" content=\"Aviso legal \u201cEl presente Aviso Legal establece la informaci\u00f3n general que los prestadores de servicios a trav\u00e9s de la Sociedad de la Informaci\u00f3n vienen obligados a poner a disposici\u00f3n de los consumidores y usuarios por imperativo del Art.10 de la Ley 34\/2002-2017, de 11 de julio, de Servicios de la Sociedad de la Informaci\u00f3n y [&hellip;]\" \/>\n<meta property=\"og:url\" content=\"https:\/\/www.bcnreclam.com\/ca\/politica-de-privacidad-aviso-legal\/\" \/>\n<meta property=\"og:site_name\" content=\"BCN RECLAM\" \/>\n<meta property=\"article:modified_time\" content=\"2026-01-28T09:46:17+00:00\" \/>\n<meta name=\"twitter:card\" content=\"summary_large_image\" \/>\n<meta name=\"twitter:label1\" content=\"Temps estimat de lectura\" \/>\n\t<meta name=\"twitter:data1\" content=\"9 minuts\" \/>\n<script type=\"application\/ld+json\" class=\"yoast-schema-graph\">{\"@context\":\"https:\/\/schema.org\",\"@graph\":[{\"@type\":\"WebPage\",\"@id\":\"https:\/\/www.bcnreclam.com\/ca\/politica-de-privacidad-aviso-legal\/\",\"url\":\"https:\/\/www.bcnreclam.com\/ca\/politica-de-privacidad-aviso-legal\/\",\"name\":\"Pol\u00edtica de privacidad - Aviso legal - BCN RECLAM\",\"isPartOf\":{\"@id\":\"https:\/\/www.bcnreclam.com\/#website\"},\"datePublished\":\"2023-03-07T16:13:47+00:00\",\"dateModified\":\"2026-01-28T09:46:17+00:00\",\"breadcrumb\":{\"@id\":\"https:\/\/www.bcnreclam.com\/ca\/politica-de-privacidad-aviso-legal\/#breadcrumb\"},\"inLanguage\":\"ca\",\"potentialAction\":[{\"@type\":\"ReadAction\",\"target\":[\"https:\/\/www.bcnreclam.com\/ca\/politica-de-privacidad-aviso-legal\/\"]}]},{\"@type\":\"BreadcrumbList\",\"@id\":\"https:\/\/www.bcnreclam.com\/ca\/politica-de-privacidad-aviso-legal\/#breadcrumb\",\"itemListElement\":[{\"@type\":\"ListItem\",\"position\":1,\"name\":\"Portada\",\"item\":\"https:\/\/www.bcnreclam.com\/ca\/\"},{\"@type\":\"ListItem\",\"position\":2,\"name\":\"Pol\u00edtica de privacidad &#8211; Aviso legal\"}]},{\"@type\":\"WebSite\",\"@id\":\"https:\/\/www.bcnreclam.com\/#website\",\"url\":\"https:\/\/www.bcnreclam.com\/\",\"name\":\"BCN RECLAM\",\"description\":\"\",\"publisher\":{\"@id\":\"https:\/\/www.bcnreclam.com\/#organization\"},\"potentialAction\":[{\"@type\":\"SearchAction\",\"target\":{\"@type\":\"EntryPoint\",\"urlTemplate\":\"https:\/\/www.bcnreclam.com\/?s={search_term_string}\"},\"query-input\":\"required name=search_term_string\"}],\"inLanguage\":\"ca\"},{\"@type\":\"Organization\",\"@id\":\"https:\/\/www.bcnreclam.com\/#organization\",\"name\":\"BCN RECLAM\",\"url\":\"https:\/\/www.bcnreclam.com\/\",\"logo\":{\"@type\":\"ImageObject\",\"inLanguage\":\"ca\",\"@id\":\"https:\/\/www.bcnreclam.com\/#\/schema\/logo\/image\/\",\"url\":\"https:\/\/www.bcnreclam.com\/wp-content\/uploads\/2023\/03\/logo-bcnreclam.png\",\"contentUrl\":\"https:\/\/www.bcnreclam.com\/wp-content\/uploads\/2023\/03\/logo-bcnreclam.png\",\"width\":210,\"height\":210,\"caption\":\"BCN RECLAM\"},\"image\":{\"@id\":\"https:\/\/www.bcnreclam.com\/#\/schema\/logo\/image\/\"}}]}<\/script>\n<!-- \/ Yoast SEO plugin. -->","yoast_head_json":{"title":"Pol\u00edtica de privacidad - Aviso legal - BCN RECLAM","robots":{"index":"index","follow":"follow","max-snippet":"max-snippet:-1","max-image-preview":"max-image-preview:large","max-video-preview":"max-video-preview:-1"},"canonical":"https:\/\/www.bcnreclam.com\/ca\/politica-de-privacidad-aviso-legal\/","og_locale":"ca_ES","og_type":"article","og_title":"Pol\u00edtica de privacidad - Aviso legal - BCN RECLAM","og_description":"Aviso legal \u201cEl presente Aviso Legal establece la informaci\u00f3n general que los prestadores de servicios a trav\u00e9s de la Sociedad de la Informaci\u00f3n vienen obligados a poner a disposici\u00f3n de los consumidores y usuarios por imperativo del Art.10 de la Ley 34\/2002-2017, de 11 de julio, de Servicios de la Sociedad de la Informaci\u00f3n y [&hellip;]","og_url":"https:\/\/www.bcnreclam.com\/ca\/politica-de-privacidad-aviso-legal\/","og_site_name":"BCN RECLAM","article_modified_time":"2026-01-28T09:46:17+00:00","twitter_card":"summary_large_image","twitter_misc":{"Temps estimat de lectura":"9 minuts"},"schema":{"@context":"https:\/\/schema.org","@graph":[{"@type":"WebPage","@id":"https:\/\/www.bcnreclam.com\/ca\/politica-de-privacidad-aviso-legal\/","url":"https:\/\/www.bcnreclam.com\/ca\/politica-de-privacidad-aviso-legal\/","name":"Pol\u00edtica de privacidad - Aviso legal - BCN RECLAM","isPartOf":{"@id":"https:\/\/www.bcnreclam.com\/#website"},"datePublished":"2023-03-07T16:13:47+00:00","dateModified":"2026-01-28T09:46:17+00:00","breadcrumb":{"@id":"https:\/\/www.bcnreclam.com\/ca\/politica-de-privacidad-aviso-legal\/#breadcrumb"},"inLanguage":"ca","potentialAction":[{"@type":"ReadAction","target":["https:\/\/www.bcnreclam.com\/ca\/politica-de-privacidad-aviso-legal\/"]}]},{"@type":"BreadcrumbList","@id":"https:\/\/www.bcnreclam.com\/ca\/politica-de-privacidad-aviso-legal\/#breadcrumb","itemListElement":[{"@type":"ListItem","position":1,"name":"Portada","item":"https:\/\/www.bcnreclam.com\/ca\/"},{"@type":"ListItem","position":2,"name":"Pol\u00edtica de privacidad &#8211; Aviso legal"}]},{"@type":"WebSite","@id":"https:\/\/www.bcnreclam.com\/#website","url":"https:\/\/www.bcnreclam.com\/","name":"BCN RECLAM","description":"","publisher":{"@id":"https:\/\/www.bcnreclam.com\/#organization"},"potentialAction":[{"@type":"SearchAction","target":{"@type":"EntryPoint","urlTemplate":"https:\/\/www.bcnreclam.com\/?s={search_term_string}"},"query-input":"required name=search_term_string"}],"inLanguage":"ca"},{"@type":"Organization","@id":"https:\/\/www.bcnreclam.com\/#organization","name":"BCN RECLAM","url":"https:\/\/www.bcnreclam.com\/","logo":{"@type":"ImageObject","inLanguage":"ca","@id":"https:\/\/www.bcnreclam.com\/#\/schema\/logo\/image\/","url":"https:\/\/www.bcnreclam.com\/wp-content\/uploads\/2023\/03\/logo-bcnreclam.png","contentUrl":"https:\/\/www.bcnreclam.com\/wp-content\/uploads\/2023\/03\/logo-bcnreclam.png","width":210,"height":210,"caption":"BCN RECLAM"},"image":{"@id":"https:\/\/www.bcnreclam.com\/#\/schema\/logo\/image\/"}}]}},"_links":{"self":[{"href":"https:\/\/www.bcnreclam.com\/ca\/wp-json\/wp\/v2\/pages\/640","targetHints":{"allow":["GET"]}}],"collection":[{"href":"https:\/\/www.bcnreclam.com\/ca\/wp-json\/wp\/v2\/pages"}],"about":[{"href":"https:\/\/www.bcnreclam.com\/ca\/wp-json\/wp\/v2\/types\/page"}],"author":[{"embeddable":true,"href":"https:\/\/www.bcnreclam.com\/ca\/wp-json\/wp\/v2\/users\/1"}],"replies":[{"embeddable":true,"href":"https:\/\/www.bcnreclam.com\/ca\/wp-json\/wp\/v2\/comments?post=640"}],"version-history":[{"count":2,"href":"https:\/\/www.bcnreclam.com\/ca\/wp-json\/wp\/v2\/pages\/640\/revisions"}],"predecessor-version":[{"id":940,"href":"https:\/\/www.bcnreclam.com\/ca\/wp-json\/wp\/v2\/pages\/640\/revisions\/940"}],"wp:attachment":[{"href":"https:\/\/www.bcnreclam.com\/ca\/wp-json\/wp\/v2\/media?parent=640"}],"curies":[{"name":"wp","href":"https:\/\/api.w.org\/{rel}","templated":true}]}}